{"id":14951,"date":"2024-05-13T17:59:38","date_gmt":"2024-05-13T17:59:38","guid":{"rendered":"https:\/\/www.the-wire-man.com\/befestigungselemente\/?post_type=product&#038;p=14951"},"modified":"2024-05-14T03:42:29","modified_gmt":"2024-05-14T03:42:29","slug":"pu-plus-duebelanker","status":"publish","type":"product","link":"https:\/\/www.the-wire-man.com\/befestigungselemente\/produkte\/luftschichtanker\/pu-plus-duebelanker\/","title":{"rendered":"PU Plus D\u00fcbelanker"},"content":{"rendered":"\n  <div class=\"banner has-hover\" id=\"banner-1149972207\">\n          <div class=\"banner-inner fill\">\n        <div class=\"banner-bg fill\" >\n                                                \n                    <\/div>\n\t\t\n        <div class=\"banner-layers container\">\n            <div class=\"fill banner-link\"><\/div>            \n   <div id=\"text-box-1091162235\" class=\"text-box banner-layer x4 md-x4 lg-x4 y0 md-y0 lg-y0 res-text\">\n                                <div class=\"text-box-content text dark\">\n              \n              <div class=\"text-inner text-left\">\n                  \n<h3><span style=\"font-size: 75%;\"><strong>PU Plus D\u00fcbelanker<\/strong><\/span><\/h3>\n              <\/div>\n           <\/div>\n                            \n<style>\n#text-box-1091162235 {\n  width: 60%;\n}\n#text-box-1091162235 .text-box-content {\n  font-size: 100%;\n}\n<\/style>\n    <\/div>\n \n        <\/div>\n      <\/div>\n\n            \n<style>\n#banner-1149972207 {\n  padding-top: 50px;\n}\n<\/style>\n  <\/div>\n\n\n\t<div id=\"gap-608171807\" class=\"gap-element clearfix\" style=\"display:block; height:auto;\">\n\t\t\n<style>\n#gap-608171807 {\n  padding-top: 30px;\n}\n<\/style>\n\t<\/div>\n\t\n<div class=\"container section-title-container\" ><h3 class=\"section-title section-title-normal\"><b><\/b><span class=\"section-title-main\" >Beschreibung<\/span><b><\/b><\/h3><\/div>\n\n\t<section class=\"section\" id=\"section_1154524461\">\n\t\t<div class=\"section-bg fill\" >\n\t\t\t\t\t\t\t\t\t\n\t\t\t\n\t<div class=\"is-border\"\n\t\tstyle=\"border-width:0 0px 0px 0px;margin:0 0px 0px 0px;\">\n\t<\/div>\n\n\t\t<\/div>\n\n\t\t\n\n\t\t<div class=\"section-content relative\">\n\t\t\t\n<div class=\"row align-equal\"  id=\"row-2060985327\">\n\n\t<div id=\"col-1462830537\" class=\"col medium-6 small-12 large-6\"  >\n\t\t\t\t<div class=\"col-inner\"  >\n\t\t\t\n\t\t\t\n<h3><strong><span style=\"font-size: 14.4px;\">PU PLUS-SYSTEM<\/span><\/strong><\/h3>\n<ul>\n<li><span style=\"font-size: 14.4px;\">konzipiert f\u00fcr die Befestigung von PU-Hartschaumplatten<\/span><\/li>\n<li><span style=\"font-size: 14.4px;\">bestehend aus H &amp; R 4 mm D\u00fcbelanker (Werkstoff 1.4362 oder gleichwertig), dem dazugeh\u00f6rigen D\u00e4mmstoff-D\u00fcbel aus Kunststoff<br \/>\nund einem Montageaufsatz (Einschlagadapter) f\u00fcr die Bohrmaschine<\/span><\/li>\n<li><span style=\"font-size: 14.4px;\">gew\u00e4hrleistet einfache Verarbeitung<\/span><\/li>\n<\/ul>\n<p><span style=\"font-size: 14.4px;\"><strong>Die Verarbeitungsweise hat folgende Vorteile:<\/strong><\/span><\/p>\n<ul>\n<li><span style=\"font-size: 14.4px;\">Minimierung von K\u00e4ltebr\u00fccken<\/span><\/li>\n<li><span style=\"font-size: 14.4px;\">der D\u00e4mmstoffd\u00fcbel schlie\u00dft b\u00fcndig ab und \u00fcberdeckt das Bohrloch im D\u00e4mmstoff<\/span><\/li>\n<li><span style=\"font-size: 14.4px;\">das Abwinkeln entf\u00e4llt durch das Wellenende<\/span><\/li>\n<li><strong><span style=\"font-size: 14.4px;\">jetzt noch zeitsparender, weil der Anker mit unserem zugelassenen Montageaufsatz verbaut werden kann<\/span><\/strong><\/li>\n<\/ul>\n<p><strong><span style=\"font-size: 14.4px;\">Bitte beachten Sie die Vorgaben aus der Bauartgenehmigung Z-21.2-1732.echt<\/span><\/strong><\/p>\n<p><img loading=\"lazy\" decoding=\"async\" class=\"alignnone size-full wp-image-14995\" src=\"https:\/\/www.the-wire-man.com\/befestigungselemente\/wp-content\/uploads\/sites\/2\/Seitenbilder\/Produkte\/PU-Plus_System_P.jpg\" alt=\"\" width=\"2000\" height=\"1500\" srcset=\"https:\/\/www.the-wire-man.com\/befestigungselemente\/wp-content\/uploads\/sites\/2\/Seitenbilder\/Produkte\/PU-Plus_System_P.jpg 2000w, https:\/\/www.the-wire-man.com\/befestigungselemente\/wp-content\/uploads\/sites\/2\/Seitenbilder\/Produkte\/PU-Plus_System_P-300x225.jpg 300w, https:\/\/www.the-wire-man.com\/befestigungselemente\/wp-content\/uploads\/sites\/2\/Seitenbilder\/Produkte\/PU-Plus_System_P-1024x768.jpg 1024w, https:\/\/www.the-wire-man.com\/befestigungselemente\/wp-content\/uploads\/sites\/2\/Seitenbilder\/Produkte\/PU-Plus_System_P-150x113.jpg 150w, https:\/\/www.the-wire-man.com\/befestigungselemente\/wp-content\/uploads\/sites\/2\/Seitenbilder\/Produkte\/PU-Plus_System_P-768x576.jpg 768w, https:\/\/www.the-wire-man.com\/befestigungselemente\/wp-content\/uploads\/sites\/2\/Seitenbilder\/Produkte\/PU-Plus_System_P-1536x1152.jpg 1536w, https:\/\/www.the-wire-man.com\/befestigungselemente\/wp-content\/uploads\/sites\/2\/Seitenbilder\/Produkte\/PU-Plus_System_P-480x360.jpg 480w\" sizes=\"auto, (max-width: 2000px) 100vw, 2000px\" \/><\/p>\n\t\t<\/div>\n\t\t\t\t\t<\/div>\n\n\t\n\n\t<div id=\"col-174385022\" class=\"col medium-6 small-12 large-6\"  >\n\t\t\t\t<div class=\"col-inner text-center\"  >\n\t\t\t\n\t\t\t\n<div id=\"main-block\" class=\"main-block-v2\">\n<table style=\"border: 2px solid #c7d9f1;\" rules=\"none\">\n<tbody>\n<tr style=\"border-bottom: 2px solid #c7d9f1;\">\n<td style=\"text-align: center;\" width=\"20%\"><strong>Artikel-Nr.<\/strong><\/td>\n<td style=\"text-align: center;\" width=\"30%\"><strong>Abmessung<\/strong><\/td>\n<td style=\"text-align: center;\" width=\"10%\"><strong>f\u00fcr Schalenabst\u00e4nde bis<\/strong><\/td>\n<td style=\"text-align: center;\" width=\"20%\"><strong>VE<\/strong><\/td>\n<td style=\"text-align: center;\" width=\"20%\"><strong>St\u00fcck pro Palette<\/strong><\/td>\n<\/tr>\n<tr bgcolor=\"#e1eaf3\">\n<td style=\"text-align: center;\">288180<\/td>\n<td style=\"text-align: center;\">4 x 180 mm<\/td>\n<td style=\"text-align: center;\">50 mm<\/td>\n<td style=\"text-align: center;\" width=\"66\">250<\/td>\n<td style=\"text-align: center;\">25.000<\/td>\n<\/tr>\n<tr>\n<td style=\"text-align: center;\">288210<\/td>\n<td style=\"text-align: center;\">4 x 210 mm<\/td>\n<td style=\"text-align: center;\">80 mm<\/td>\n<td style=\"text-align: center;\" width=\"66\">250<\/td>\n<td style=\"text-align: center;\">25.000<\/td>\n<\/tr>\n<tr bgcolor=\"#e1eaf3\">\n<td style=\"text-align: center;\">288250<\/td>\n<td style=\"text-align: center;\">4 x 250 mm<\/td>\n<td style=\"text-align: center;\">120 mm<\/td>\n<td style=\"text-align: center;\">250<\/td>\n<td style=\"text-align: center;\">25.000<\/td>\n<\/tr>\n<tr>\n<td style=\"text-align: center;\">288275<\/td>\n<td style=\"text-align: center;\">4 x 275 mm<\/td>\n<td style=\"text-align: center;\">145 mm<\/td>\n<td style=\"text-align: center;\">250<\/td>\n<td style=\"text-align: center;\">25.000<\/td>\n<\/tr>\n<tr bgcolor=\"#e1eaf3\">\n<td style=\"text-align: center;\">288300<\/td>\n<td style=\"text-align: center;\">4 x 300 mm<\/td>\n<td style=\"text-align: center;\">170 mm<\/td>\n<td style=\"text-align: center;\" width=\"66\">250<\/td>\n<td style=\"text-align: center;\">25.000<\/td>\n<\/tr>\n<tr>\n<td style=\"text-align: center;\">288320<\/td>\n<td style=\"text-align: center;\">4 x 320 mm<\/td>\n<td style=\"text-align: center;\">190 mm<\/td>\n<td style=\"text-align: center;\">250<\/td>\n<td style=\"text-align: center;\">15.000<\/td>\n<\/tr>\n<tr bgcolor=\"#e1eaf3\">\n<td style=\"text-align: center;\">288350<\/td>\n<td style=\"text-align: center;\">4 x 350 mm<\/td>\n<td style=\"text-align: center;\">220 mm<\/td>\n<td style=\"text-align: center;\" width=\"66\">250<\/td>\n<td style=\"text-align: center;\">15.000<\/td>\n<\/tr>\n<tr>\n<td style=\"text-align: center;\">288400<\/td>\n<td style=\"text-align: center;\">\u00a04 x 400 mm<\/td>\n<td style=\"text-align: center;\">250 mm<\/td>\n<td style=\"text-align: center;\">250<\/td>\n<td style=\"text-align: center;\">15.000<\/td>\n<\/tr>\n<\/tbody>\n<\/table>\n<\/div>\n\t\t<\/div>\n\t\t\t\t\n<style>\n#col-174385022 > .col-inner {\n  padding: 0px 0px 0 0px;\n  margin: 0px 0px 0 0px;\n}\n<\/style>\n\t<\/div>\n\n\t\n\n<style>\n#row-2060985327 > .col > .col-inner {\n  padding: 0px 0px 0px 0px;\n}\n<\/style>\n<\/div>\n\t\t<\/div>\n\n\t\t\n<style>\n#section_1154524461 {\n  padding-top: 0px;\n  padding-bottom: 0px;\n  margin-bottom: 0px;\n}\n<\/style>\n\t<\/section>\n\t\n<div class=\"container section-title-container\" ><h3 class=\"section-title section-title-normal\"><b><\/b><span class=\"section-title-main\" >Zubeh\u00f6r<\/span><b><\/b><\/h3><\/div>\n<div class=\"woocommerce columns-4 \"><div class=\"products row row-small large-columns-4 medium-columns-3 small-columns-1 has-shadow row-box-shadow-2 row-box-shadow-3-hover\">\n<div class=\"product-small col has-hover product type-product post-14997 status-publish first instock product_cat-daemmstoffbefestiger product_cat-duebel has-post-thumbnail shipping-taxable product-type-variable\">\n\t<div class=\"col-inner\">\n\t\n<div class=\"badge-container absolute left top z-1\">\n\n<\/div>\n\t<div class=\"product-small box \">\n\t\t<div class=\"box-image\">\n\t\t\t<div class=\"image-zoom\">\n\t\t\t\t<a href=\"https:\/\/www.the-wire-man.com\/befestigungselemente\/produkte\/duebel\/pu-plus-duebel-blau\/\" aria-label=\"PU Plus D\u00fcbel blau\">\n\t\t\t\t\t<img loading=\"lazy\" decoding=\"async\" width=\"360\" height=\"360\" src=\"https:\/\/www.the-wire-man.com\/befestigungselemente\/wp-content\/uploads\/sites\/2\/Seitenbilder\/Produkte\/PU-Plus_P-2-360x360.jpg\" class=\"attachment-woocommerce_thumbnail size-woocommerce_thumbnail\" alt=\"\" srcset=\"https:\/\/www.the-wire-man.com\/befestigungselemente\/wp-content\/uploads\/sites\/2\/Seitenbilder\/Produkte\/PU-Plus_P-2-360x360.jpg 360w, https:\/\/www.the-wire-man.com\/befestigungselemente\/wp-content\/uploads\/sites\/2\/Seitenbilder\/Produkte\/PU-Plus_P-2-100x100.jpg 100w\" sizes=\"auto, (max-width: 360px) 100vw, 360px\" \/>\t\t\t\t<\/a>\n\t\t\t<\/div>\n\t\t\t<div class=\"image-tools is-small top right show-on-hover\">\n\t\t\t\t\t\t\t<\/div>\n\t\t\t<div class=\"image-tools is-small hide-for-small bottom left show-on-hover\">\n\t\t\t\t\t\t\t<\/div>\n\t\t\t<div class=\"image-tools grid-tools text-center hide-for-small bottom hover-slide-in show-on-hover\">\n\t\t\t\t\t\t\t<\/div>\n\t\t\t\t\t<\/div>\n\n\t\t<div class=\"box-text box-text-products\">\n\t\t\t<div class=\"title-wrapper\"><p class=\"name product-title woocommerce-loop-product__title\"><a href=\"https:\/\/www.the-wire-man.com\/befestigungselemente\/produkte\/duebel\/pu-plus-duebel-blau\/\" class=\"woocommerce-LoopProduct-link woocommerce-loop-product__link\">PU Plus D\u00fcbel blau<\/a><\/p><\/div><div class=\"price-wrapper\"><\/div>\t\t<\/div>\n\t<\/div>\n\t\t<\/div>\n<\/div><div class=\"product-small col has-hover product type-product post-15063 status-publish instock product_cat-werkzeuge has-post-thumbnail shipping-taxable product-type-simple\">\n\t<div class=\"col-inner\">\n\t\n<div class=\"badge-container absolute left top z-1\">\n\n<\/div>\n\t<div class=\"product-small box \">\n\t\t<div class=\"box-image\">\n\t\t\t<div class=\"image-zoom\">\n\t\t\t\t<a href=\"https:\/\/www.the-wire-man.com\/befestigungselemente\/produkte\/werkzeuge\/einschlagadapter-fuer-pu-plus-duebelanker\/\" aria-label=\"Einschlagadapter f\u00fcr PU Plus D\u00fcbelanker\">\n\t\t\t\t\t<img loading=\"lazy\" decoding=\"async\" width=\"360\" height=\"360\" src=\"https:\/\/www.the-wire-man.com\/befestigungselemente\/wp-content\/uploads\/sites\/2\/Seitenbilder\/Produkte\/PU-Plus_Adapter_P-360x360.jpg\" class=\"attachment-woocommerce_thumbnail size-woocommerce_thumbnail\" alt=\"\" srcset=\"https:\/\/www.the-wire-man.com\/befestigungselemente\/wp-content\/uploads\/sites\/2\/Seitenbilder\/Produkte\/PU-Plus_Adapter_P-360x360.jpg 360w, https:\/\/www.the-wire-man.com\/befestigungselemente\/wp-content\/uploads\/sites\/2\/Seitenbilder\/Produkte\/PU-Plus_Adapter_P-100x100.jpg 100w\" sizes=\"auto, (max-width: 360px) 100vw, 360px\" \/>\t\t\t\t<\/a>\n\t\t\t<\/div>\n\t\t\t<div class=\"image-tools is-small top right show-on-hover\">\n\t\t\t\t\t\t\t<\/div>\n\t\t\t<div class=\"image-tools is-small hide-for-small bottom left show-on-hover\">\n\t\t\t\t\t\t\t<\/div>\n\t\t\t<div class=\"image-tools grid-tools text-center hide-for-small bottom hover-slide-in show-on-hover\">\n\t\t\t\t\t\t\t<\/div>\n\t\t\t\t\t<\/div>\n\n\t\t<div class=\"box-text box-text-products\">\n\t\t\t<div class=\"title-wrapper\"><p class=\"name product-title woocommerce-loop-product__title\"><a href=\"https:\/\/www.the-wire-man.com\/befestigungselemente\/produkte\/werkzeuge\/einschlagadapter-fuer-pu-plus-duebelanker\/\" class=\"woocommerce-LoopProduct-link woocommerce-loop-product__link\">Einschlagadapter f\u00fcr PU Plus D\u00fcbelanker<\/a><\/p><\/div><div class=\"price-wrapper\"><\/div>\t\t<\/div>\n\t<\/div>\n\t\t<\/div>\n<\/div><\/div><!-- row -->\n<\/div>\n","protected":false},"excerpt":{"rendered":"<p>Edelstahl W.-Nr.: 1.4362 oder gleichwertig<\/p>\n","protected":false},"featured_media":15070,"template":"","meta":[],"product_brand":[],"product_cat":[409],"product_tag":[],"class_list":{"0":"post-14951","1":"product","2":"type-product","3":"status-publish","4":"has-post-thumbnail","6":"product_cat-luftschichtanker","8":"first","9":"instock","10":"shipping-taxable","11":"product-type-variable"},"jetpack_publicize_connections":[],"_links":{"self":[{"href":"https:\/\/www.the-wire-man.com\/befestigungselemente\/wp-json\/wp\/v2\/product\/14951","targetHints":{"allow":["GET"]}}],"collection":[{"href":"https:\/\/www.the-wire-man.com\/befestigungselemente\/wp-json\/wp\/v2\/product"}],"about":[{"href":"https:\/\/www.the-wire-man.com\/befestigungselemente\/wp-json\/wp\/v2\/types\/product"}],"wp:featuredmedia":[{"embeddable":true,"href":"https:\/\/www.the-wire-man.com\/befestigungselemente\/wp-json\/wp\/v2\/media\/15070"}],"wp:attachment":[{"href":"https:\/\/www.the-wire-man.com\/befestigungselemente\/wp-json\/wp\/v2\/media?parent=14951"}],"wp:term":[{"taxonomy":"product_brand","embeddable":true,"href":"https:\/\/www.the-wire-man.com\/befestigungselemente\/wp-json\/wp\/v2\/product_brand?post=14951"},{"taxonomy":"product_cat","embeddable":true,"href":"https:\/\/www.the-wire-man.com\/befestigungselemente\/wp-json\/wp\/v2\/product_cat?post=14951"},{"taxonomy":"product_tag","embeddable":true,"href":"https:\/\/www.the-wire-man.com\/befestigungselemente\/wp-json\/wp\/v2\/product_tag?post=14951"}],"curies":[{"name":"wp","href":"https:\/\/api.w.org\/{rel}","templated":true}]}}