{"id":14702,"date":"2023-11-02T20:39:59","date_gmt":"2023-11-02T20:39:59","guid":{"rendered":"https:\/\/www.the-wire-man.com\/befestigungselemente\/?post_type=product&#038;p=14702"},"modified":"2023-11-13T12:01:03","modified_gmt":"2023-11-13T12:01:03","slug":"absperrleinenhalter","status":"publish","type":"product","link":"https:\/\/www.the-wire-man.com\/befestigungselemente\/produkte\/baubedarf\/absperrleinenhalter\/","title":{"rendered":"Absperrleinenhalter"},"content":{"rendered":"\n\t<section class=\"section\" id=\"section_1593962222\">\n\t\t<div class=\"section-bg fill\" >\n\t\t\t\t\t\t\t\t\t\n\t\t\t\n\n\t\t<\/div>\n\n\t\t\n\n\t\t<div class=\"section-content relative\">\n\t\t\t\n<div class=\"row\"  id=\"row-62045678\">\n\n\t<div id=\"col-2098269876\" class=\"col small-12 large-12\"  >\n\t\t\t\t<div class=\"col-inner\"  >\n\t\t\t\n\t\t\t\n<table style=\"border: 2px solid #e1eaf3;\" rules=\"none\">\n<tbody>\n<tr style=\"border-bottom: 2px solid #e1eaf3;\">\n<td style=\"text-align: center;\" width=\"20%\"><strong>Artikel-Nr.<\/strong><\/td>\n<td style=\"text-align: center;\" width=\"20%\"><strong>Material<\/strong><\/td>\n<td style=\"text-align: center;\" width=\"20%\"><strong>Abmessung<\/strong><\/td>\n<td style=\"text-align: center;\" width=\"20%\"><strong>VE<\/strong><\/td>\n<td style=\"text-align: center;\" width=\"20%\"><strong>St\u00fcck pro Palette<\/strong><\/td>\n<\/tr>\n<tr bgcolor=\"#e1eaf3\">\n<td style=\"text-align: center;\">2012-120<\/td>\n<td style=\"text-align: center;\">Stahl \/ rot lackiert<\/td>\n<td style=\"text-align: center;\">12 x 1200 mm<\/td>\n<td style=\"text-align: center;\">10<\/td>\n<td style=\"text-align: center;\">500<\/td>\n<\/tr>\n<tr>\n<td style=\"text-align: center;\">2012-125<\/td>\n<td style=\"text-align: center;\">Stahl \/ rot lackiert<\/td>\n<td style=\"text-align: center;\">12 x 1250 mm<\/td>\n<td style=\"text-align: center;\">10<\/td>\n<td style=\"text-align: center;\">500<\/td>\n<\/tr>\n<tr bgcolor=\"#e1eaf3\">\n<td style=\"text-align: center;\">2014-120<\/td>\n<td style=\"text-align: center;\">Stahl \/ rot lackiert<\/td>\n<td style=\"text-align: center;\">14 x 1200 mm<\/td>\n<td style=\"text-align: center;\">10<\/td>\n<td style=\"text-align: center;\">500<\/td>\n<\/tr>\n<tr>\n<td style=\"text-align: center;\">2014-125<\/td>\n<td style=\"text-align: center;\">Stahl \/ rot lackiert<\/td>\n<td style=\"text-align: center;\">14 x 1250 mm<\/td>\n<td style=\"text-align: center;\">10<\/td>\n<td style=\"text-align: center;\">500<\/td>\n<\/tr>\n<\/tbody>\n<\/table>\n\t\t<\/div>\n\t\t\t\t\t<\/div>\n\n\t\n<\/div>\n\t\t<\/div>\n\n\t\t\n<style>\n#section_1593962222 {\n  padding-top: 30px;\n  padding-bottom: 30px;\n}\n<\/style>\n\t<\/section>\n\t\n","protected":false},"excerpt":{"rendered":"<ul>\n<li>Laterneneisen<\/li>\n<li>Befestigung f\u00fcr Warnb\u00e4nder und Markierungsb\u00e4nder<\/li>\n<\/ul>\n","protected":false},"featured_media":14797,"template":"","meta":[],"product_brand":[],"product_cat":[740],"product_tag":[],"class_list":{"0":"post-14702","1":"product","2":"type-product","3":"status-publish","4":"has-post-thumbnail","6":"product_cat-baubedarf","8":"first","9":"instock","10":"shipping-taxable","11":"product-type-variable"},"jetpack_publicize_connections":[],"_links":{"self":[{"href":"https:\/\/www.the-wire-man.com\/befestigungselemente\/wp-json\/wp\/v2\/product\/14702","targetHints":{"allow":["GET"]}}],"collection":[{"href":"https:\/\/www.the-wire-man.com\/befestigungselemente\/wp-json\/wp\/v2\/product"}],"about":[{"href":"https:\/\/www.the-wire-man.com\/befestigungselemente\/wp-json\/wp\/v2\/types\/product"}],"wp:featuredmedia":[{"embeddable":true,"href":"https:\/\/www.the-wire-man.com\/befestigungselemente\/wp-json\/wp\/v2\/media\/14797"}],"wp:attachment":[{"href":"https:\/\/www.the-wire-man.com\/befestigungselemente\/wp-json\/wp\/v2\/media?parent=14702"}],"wp:term":[{"taxonomy":"product_brand","embeddable":true,"href":"https:\/\/www.the-wire-man.com\/befestigungselemente\/wp-json\/wp\/v2\/product_brand?post=14702"},{"taxonomy":"product_cat","embeddable":true,"href":"https:\/\/www.the-wire-man.com\/befestigungselemente\/wp-json\/wp\/v2\/product_cat?post=14702"},{"taxonomy":"product_tag","embeddable":true,"href":"https:\/\/www.the-wire-man.com\/befestigungselemente\/wp-json\/wp\/v2\/product_tag?post=14702"}],"curies":[{"name":"wp","href":"https:\/\/api.w.org\/{rel}","templated":true}]}}