{"id":12122,"date":"2019-03-20T17:57:10","date_gmt":"2019-03-20T17:57:10","guid":{"rendered":"https:\/\/www.the-wire-man.com\/befestigungselemente\/?post_type=product&#038;p=12122"},"modified":"2023-11-13T11:13:33","modified_gmt":"2023-11-13T11:13:33","slug":"brikker-90-oe-45-mm","status":"publish","type":"product","link":"https:\/\/www.the-wire-man.com\/befestigungselemente\/produkte\/luftschichtanker\/brikker-90-oe-45-mm\/","title":{"rendered":"BRIKKER 90  [\u00d8&nbsp;4,5&nbsp;mm]"},"content":{"rendered":"\n  <div class=\"banner has-hover\" id=\"banner-1606437846\">\n          <div class=\"banner-inner fill\">\n        <div class=\"banner-bg fill\" >\n                                                \n                    <\/div>\n\t\t\n        <div class=\"banner-layers container\">\n            <div class=\"fill banner-link\"><\/div>            \n   <div id=\"text-box-2092113675\" class=\"text-box banner-layer x4 md-x4 lg-x4 y0 md-y0 lg-y0 res-text\">\n                                <div class=\"text-box-content text dark\">\n              \n              <div class=\"text-inner text-left\">\n                  \n<h3><span style=\"font-size: 75%;\"><strong>Spezialluftschichtanker f\u00fcr die D\u00fcnnbett- und Normalm\u00f6rtelfuge<\/strong><\/span><\/h3>\n              <\/div>\n           <\/div>\n                            \n<style>\n#text-box-2092113675 {\n  width: 75%;\n}\n#text-box-2092113675 .text-box-content {\n  font-size: 100%;\n}\n<\/style>\n    <\/div>\n \n        <\/div>\n      <\/div>\n\n            \n<style>\n#banner-1606437846 {\n  padding-top: 50px;\n}\n<\/style>\n  <\/div>\n\n\n\t<div id=\"gap-803028181\" class=\"gap-element clearfix\" style=\"display:block; height:auto;\">\n\t\t\n<style>\n#gap-803028181 {\n  padding-top: 30px;\n}\n<\/style>\n\t<\/div>\n\t\n<div class=\"container section-title-container\" ><h3 class=\"section-title section-title-normal\"><b><\/b><span class=\"section-title-main\" >Beschreibung<\/span><b><\/b><\/h3><\/div>\n\n\t<section class=\"section\" id=\"section_1742157581\">\n\t\t<div class=\"section-bg fill\" >\n\t\t\t\t\t\t\t\t\t\n\t\t\t\n\t<div class=\"is-border\"\n\t\tstyle=\"border-width:0 0px 0px 0px;margin:0 0px 0px 0px;\">\n\t<\/div>\n\n\t\t<\/div>\n\n\t\t\n\n\t\t<div class=\"section-content relative\">\n\t\t\t\n<p><strong>F\u00fcr eine schnelle und sichere Verarbeitung.<\/strong> Aus Edelstahl W. Nr.: 1.4401, 1.4362, 1.4571 oder 1.4404 nach DIN EN 10088-2.<\/p>\n<p>Bauaufsichtlich zugelassen vom DIBT Berlin <strong>Z-17.1-1192<\/strong><\/p>\n<h3><span style=\"color: #007ac2;\">Neuheit: Einbau mit der Naht nach oben, nat\u00fcrlich bauaufsichtlich zugelassen!<\/span><\/h3>\n<h3>Der BRIKKER 90 und der BRIKKER 90 Plus werden vorabgewinkelt geliefert.<br \/>\nSo entf\u00e4llt ein Arbeitsschritt und das hei\u00dft: Auspacken und direkt Einbauen!<br \/>\nDurch maschinelles Vorabwinkeln ist der Einbau nach Zulassung gew\u00e4hrleistet.<\/h3>\n<p><strong>Einbauuntergrund:<\/strong><br \/>\nF\u00fcr alle gebr\u00e4uchlichen Stein-M\u00f6rtelkombinationen. Einsetzbar in D\u00fcnnbett- und Normalm\u00f6rtelfuge.<\/p>\n<p>Durch die neuartige Produktionsweise lassen sich Ankerl\u00e4ngen von bis zu 500 mm fertigen und so auch spezielle Problemstellungen l\u00f6sen! Somit passt sich der Brikker schon jetzt den gr\u00f6\u00dferen Schalenabst\u00e4nden und zuk\u00fcnftigen Anforderungen des Marktes an.<\/p>\n<p>Ersetzt die herk\u00f6mmlichen Luftschichtanker-Formen wie: L-Form, Universalanker, Well-L und andere Flachstahlanker. Einsetzbar bei Geb\u00e4udeh\u00f6hen bis zu 25 m \u00fcber Gel\u00e4nde. Durch das angepasste Ende ist ein vereinfachtes Aufbringen der Isolierung m\u00f6glich. Die Durchstanzungen im flachen Bereich des Ankers erm\u00f6glichen einen sicheren und festen Halt im M\u00f6rtelbett. Die bauaufsichtliche Zulassung befindet sich im Genehmigungsverfahren.<\/p>\n<div id=\"main-block\" class=\"main-block-v2\">\n<table style=\"border: 2px solid #c7d9f1;\" rules=\"none\">\n<tbody>\n<tr style=\"border-bottom: 2px solid #c7d9f1;\">\n<td style=\"text-align: center;\" width=\"20%\"><strong>Artikel-Nr.<\/strong><\/td>\n<td style=\"text-align: center;\" width=\"30%\"><strong>Bezeichnung<\/strong><\/td>\n<td style=\"text-align: center;\" width=\"20%\"><strong>Abmessung<\/strong><\/td>\n<td style=\"text-align: center;\" width=\"20%\"><strong>Schalenabstand bis<\/strong><\/td>\n<td style=\"text-align: center;\" width=\"30%\"><strong>VPE<\/strong><\/td>\n<\/tr>\n<tr bgcolor=\"#ffffff\">\n<td style=\"text-align: center;\">290280<\/td>\n<td style=\"text-align: center;\">Brikker90 280<\/td>\n<td style=\"text-align: center;\">4,5 x 280<\/td>\n<td style=\"text-align: center;\">140 mm<\/td>\n<td style=\"text-align: center;\">250<\/td>\n<\/tr>\n<tr bgcolor=\"#e1eaf3\">\n<td style=\"text-align: center;\">290300<\/td>\n<td style=\"text-align: center;\">Brikker90 300<\/td>\n<td style=\"text-align: center;\">4,5 x 300<\/td>\n<td style=\"text-align: center;\">160 mm<\/td>\n<td style=\"text-align: center;\">250<\/td>\n<\/tr>\n<tr bgcolor=\"#ffffff\">\n<td style=\"text-align: center;\">290320<\/td>\n<td style=\"text-align: center;\">Brikker90 320<\/td>\n<td style=\"text-align: center;\">4,5 x 320<\/td>\n<td style=\"text-align: center;\">175 mm<\/td>\n<td style=\"text-align: center;\">250<\/td>\n<\/tr>\n<\/tbody>\n<\/table>\n<\/div>\n\t<div id=\"gap-350748422\" class=\"gap-element clearfix\" style=\"display:block; height:auto;\">\n\t\t\n<style>\n#gap-350748422 {\n  padding-top: 50px;\n}\n<\/style>\n\t<\/div>\n\t\n\t\t<\/div>\n\n\t\t\n<style>\n#section_1742157581 {\n  padding-top: 0px;\n  padding-bottom: 0px;\n  margin-bottom: 0px;\n}\n<\/style>\n\t<\/section>\n\t\n\n\t<section class=\"section\" id=\"section_655743196\">\n\t\t<div class=\"section-bg fill\" >\n\t\t\t\t\t\t\t\t\t\n\t\t\t\n\n\t\t<\/div>\n\n\t\t\n\n\t\t<div class=\"section-content relative\">\n\t\t\t\n<div class=\"container section-title-container\" ><h3 class=\"section-title section-title-normal\"><b><\/b><span class=\"section-title-main\" >Downloads<\/span><b><\/b><\/h3><\/div>\n<div class=\"row row-large row-box-shadow-1 row-box-shadow-3-hover\"  id=\"row-727641142\">\n\n\t<div id=\"col-48134720\" class=\"col medium-3 small-12 large-3\"  >\n\t\t\t\t<div class=\"col-inner text-center\"  >\n\t\t\t\n\t\t\t\n\n  <div class=\"banner has-hover\" id=\"banner-344676012\">\n          <div class=\"banner-inner fill\">\n        <div class=\"banner-bg fill\" >\n            <img loading=\"lazy\" decoding=\"async\" width=\"724\" height=\"1024\" src=\"https:\/\/www.the-wire-man.com\/befestigungselemente\/wp-content\/uploads\/sites\/2\/Seitenbilder\/Download\/Z-17.1-1192-pdf-724x1024.jpg\" class=\"bg thumb-of-pdf\" alt=\"thumbnail of Z-17.1-1192\" srcset=\"https:\/\/www.the-wire-man.com\/befestigungselemente\/wp-content\/uploads\/sites\/2\/Seitenbilder\/Download\/Z-17.1-1192-pdf.jpg 724w, https:\/\/www.the-wire-man.com\/befestigungselemente\/wp-content\/uploads\/sites\/2\/Seitenbilder\/Download\/Z-17.1-1192-pdf-106x150.jpg 106w, https:\/\/www.the-wire-man.com\/befestigungselemente\/wp-content\/uploads\/sites\/2\/Seitenbilder\/Download\/Z-17.1-1192-pdf-212x300.jpg 212w\" sizes=\"auto, (max-width: 724px) 100vw, 724px\" \/>                        <div class=\"overlay\"><\/div>            \n                    <\/div>\n\t\t\n        <div class=\"banner-layers container\">\n            <div class=\"fill banner-link\"><\/div>            \n   <div id=\"text-box-861416110\" class=\"text-box banner-layer x50 md-x50 lg-x50 y100 md-y100 lg-y100 res-text\">\n                                <div class=\"text-box-content text \">\n              \n              <div class=\"text-inner text-center\">\n                  \n<h5><span style=\"font-size: 140%;\">Zulassung Z-17.1-1192<\/span><\/h5>\n<p><span style=\"font-size: 140%;\">BRIKKER <\/span><\/p>\n<a href=\"https:\/\/www.the-wire-man.com\/befestigungselemente\/wp-content\/uploads\/sites\/2\/Seitenbilder\/Download\/Z-17.1-1192-1.pdf\" target=\"_blank\" class=\"button primary is-outline is-xlarge\" rel=\"noopener\"  style=\"border-radius:99px;\">\n\t\t<span>Download<\/span>\n\t<\/a>\n\n              <\/div>\n           <\/div>\n                            \n<style>\n#text-box-861416110 .text-box-content {\n  background-color: rgb(255, 255, 255);\n  font-size: 100%;\n}\n#text-box-861416110 .text-inner {\n  padding: 10px 0px 10px 0px;\n}\n#text-box-861416110 {\n  width: 100%;\n}\n<\/style>\n    <\/div>\n \n        <\/div>\n      <\/div>\n\n              <div class=\"height-fix is-invisible\"><img loading=\"lazy\" decoding=\"async\" width=\"724\" height=\"1024\" src=\"https:\/\/www.the-wire-man.com\/befestigungselemente\/wp-content\/uploads\/sites\/2\/Seitenbilder\/Download\/Z-17.1-1192-pdf-724x1024.jpg\" class=\"attachment-large size-large thumb-of-pdf\" alt=\"thumbnail of Z-17.1-1192\" srcset=\"https:\/\/www.the-wire-man.com\/befestigungselemente\/wp-content\/uploads\/sites\/2\/Seitenbilder\/Download\/Z-17.1-1192-pdf.jpg 724w, https:\/\/www.the-wire-man.com\/befestigungselemente\/wp-content\/uploads\/sites\/2\/Seitenbilder\/Download\/Z-17.1-1192-pdf-106x150.jpg 106w, https:\/\/www.the-wire-man.com\/befestigungselemente\/wp-content\/uploads\/sites\/2\/Seitenbilder\/Download\/Z-17.1-1192-pdf-212x300.jpg 212w\" sizes=\"auto, (max-width: 724px) 100vw, 724px\" \/><\/div>\n            \n<style>\n#banner-344676012 .overlay {\n  background-color: rgba(0, 0, 0, 0.05);\n}\n#banner-344676012 {\n  background-color: rgb(255,255,255);\n}\n<\/style>\n  <\/div>\n\n\n\t\t<\/div>\n\t\t\t\t\t<\/div>\n\n\t\n\n<style>\n#row-727641142 > .col > .col-inner {\n  padding: 0px 0px 0px 0px;\n}\n<\/style>\n<\/div>\n\t\t<\/div>\n\n\t\t\n<style>\n#section_655743196 {\n  padding-top: 30px;\n  padding-bottom: 30px;\n}\n<\/style>\n\t<\/section>\n\t\n<div class=\"container section-title-container\" ><h3 class=\"section-title section-title-normal\"><b><\/b><span class=\"section-title-main\" >Zubeh\u00f6r<\/span><b><\/b><\/h3><\/div>\n<div class=\"woocommerce columns-4 \"><div class=\"products row row-small large-columns-4 medium-columns-3 small-columns-1 has-shadow row-box-shadow-2 row-box-shadow-3-hover\">\n<div class=\"product-small col has-hover product type-product post-10743 status-publish first instock product_cat-daemmstoffbefestiger has-post-thumbnail shipping-taxable product-type-variable\">\n\t<div class=\"col-inner\">\n\t\n<div class=\"badge-container absolute left top z-1\">\n\n<\/div>\n\t<div class=\"product-small box \">\n\t\t<div class=\"box-image\">\n\t\t\t<div class=\"image-zoom\">\n\t\t\t\t<a href=\"https:\/\/www.the-wire-man.com\/befestigungselemente\/produkte\/daemmstoffbefestiger\/klemmkrallenplatte-kunststoff\/\" aria-label=\"Klemmkrallenplatte Kunststoff\">\n\t\t\t\t\t<img loading=\"lazy\" decoding=\"async\" width=\"360\" height=\"360\" src=\"https:\/\/www.the-wire-man.com\/befestigungselemente\/wp-content\/uploads\/sites\/2\/Seitenbilder\/Produkte\/Klemmkrallenplatte-60_800x600-360x360.jpg\" class=\"attachment-woocommerce_thumbnail size-woocommerce_thumbnail\" alt=\"\" srcset=\"https:\/\/www.the-wire-man.com\/befestigungselemente\/wp-content\/uploads\/sites\/2\/Seitenbilder\/Produkte\/Klemmkrallenplatte-60_800x600-360x360.jpg 360w, https:\/\/www.the-wire-man.com\/befestigungselemente\/wp-content\/uploads\/sites\/2\/Seitenbilder\/Produkte\/Klemmkrallenplatte-60_800x600-100x100.jpg 100w\" sizes=\"auto, (max-width: 360px) 100vw, 360px\" \/>\t\t\t\t<\/a>\n\t\t\t<\/div>\n\t\t\t<div class=\"image-tools is-small top right show-on-hover\">\n\t\t\t\t\t\t\t<\/div>\n\t\t\t<div class=\"image-tools is-small hide-for-small bottom left show-on-hover\">\n\t\t\t\t\t\t\t<\/div>\n\t\t\t<div class=\"image-tools grid-tools text-center hide-for-small bottom hover-slide-in show-on-hover\">\n\t\t\t\t\t\t\t<\/div>\n\t\t\t\t\t<\/div>\n\n\t\t<div class=\"box-text box-text-products\">\n\t\t\t<div class=\"title-wrapper\"><p class=\"name product-title woocommerce-loop-product__title\"><a href=\"https:\/\/www.the-wire-man.com\/befestigungselemente\/produkte\/daemmstoffbefestiger\/klemmkrallenplatte-kunststoff\/\" class=\"woocommerce-LoopProduct-link woocommerce-loop-product__link\">Klemmkrallenplatte Kunststoff<\/a><\/p><\/div><div class=\"price-wrapper\"><\/div>\t\t<\/div>\n\t<\/div>\n\t\t<\/div>\n<\/div><div class=\"product-small col has-hover product type-product post-10742 status-publish instock product_cat-daemmstoffbefestiger has-post-thumbnail shipping-taxable product-type-simple\">\n\t<div class=\"col-inner\">\n\t\n<div class=\"badge-container absolute left top z-1\">\n\n<\/div>\n\t<div class=\"product-small box \">\n\t\t<div class=\"box-image\">\n\t\t\t<div class=\"image-zoom\">\n\t\t\t\t<a href=\"https:\/\/www.the-wire-man.com\/befestigungselemente\/produkte\/daemmstoffbefestiger\/klemmkrallenplatte-edelstahl\/\" aria-label=\"Klemmkrallenplatte Edelstahl\">\n\t\t\t\t\t<img loading=\"lazy\" decoding=\"async\" width=\"360\" height=\"360\" src=\"https:\/\/www.the-wire-man.com\/befestigungselemente\/wp-content\/uploads\/sites\/2\/Seitenbilder\/Produkte\/Klemmkrallenplatte-Edelstahl_800x600-360x360.jpg\" class=\"attachment-woocommerce_thumbnail size-woocommerce_thumbnail\" alt=\"\" srcset=\"https:\/\/www.the-wire-man.com\/befestigungselemente\/wp-content\/uploads\/sites\/2\/Seitenbilder\/Produkte\/Klemmkrallenplatte-Edelstahl_800x600-360x360.jpg 360w, https:\/\/www.the-wire-man.com\/befestigungselemente\/wp-content\/uploads\/sites\/2\/Seitenbilder\/Produkte\/Klemmkrallenplatte-Edelstahl_800x600-100x100.jpg 100w\" sizes=\"auto, (max-width: 360px) 100vw, 360px\" \/>\t\t\t\t<\/a>\n\t\t\t<\/div>\n\t\t\t<div class=\"image-tools is-small top right show-on-hover\">\n\t\t\t\t\t\t\t<\/div>\n\t\t\t<div class=\"image-tools is-small hide-for-small bottom left show-on-hover\">\n\t\t\t\t\t\t\t<\/div>\n\t\t\t<div class=\"image-tools grid-tools text-center hide-for-small bottom hover-slide-in show-on-hover\">\n\t\t\t\t\t\t\t<\/div>\n\t\t\t\t\t<\/div>\n\n\t\t<div class=\"box-text box-text-products\">\n\t\t\t<div class=\"title-wrapper\"><p class=\"name product-title woocommerce-loop-product__title\"><a href=\"https:\/\/www.the-wire-man.com\/befestigungselemente\/produkte\/daemmstoffbefestiger\/klemmkrallenplatte-edelstahl\/\" class=\"woocommerce-LoopProduct-link woocommerce-loop-product__link\">Klemmkrallenplatte Edelstahl<\/a><\/p><\/div><div class=\"price-wrapper\"><\/div>\t\t<\/div>\n\t<\/div>\n\t\t<\/div>\n<\/div><div class=\"product-small col has-hover product type-product post-10738 status-publish instock product_cat-daemmstoffbefestiger has-post-thumbnail shipping-taxable product-type-simple\">\n\t<div class=\"col-inner\">\n\t\n<div class=\"badge-container absolute left top z-1\">\n\n<\/div>\n\t<div class=\"product-small box \">\n\t\t<div class=\"box-image\">\n\t\t\t<div class=\"image-zoom\">\n\t\t\t\t<a href=\"https:\/\/www.the-wire-man.com\/befestigungselemente\/produkte\/daemmstoffbefestiger\/euro-clip\/\" aria-label=\"EURO-Clip\">\n\t\t\t\t\t<img loading=\"lazy\" decoding=\"async\" width=\"360\" height=\"360\" src=\"https:\/\/www.the-wire-man.com\/befestigungselemente\/wp-content\/uploads\/sites\/2\/Seitenbilder\/Produkte\/01194_680x800-4-360x360.jpg\" class=\"attachment-woocommerce_thumbnail size-woocommerce_thumbnail\" alt=\"\" srcset=\"https:\/\/www.the-wire-man.com\/befestigungselemente\/wp-content\/uploads\/sites\/2\/Seitenbilder\/Produkte\/01194_680x800-4-360x360.jpg 360w, https:\/\/www.the-wire-man.com\/befestigungselemente\/wp-content\/uploads\/sites\/2\/Seitenbilder\/Produkte\/01194_680x800-4-100x100.jpg 100w\" sizes=\"auto, (max-width: 360px) 100vw, 360px\" \/>\t\t\t\t<\/a>\n\t\t\t<\/div>\n\t\t\t<div class=\"image-tools is-small top right show-on-hover\">\n\t\t\t\t\t\t\t<\/div>\n\t\t\t<div class=\"image-tools is-small hide-for-small bottom left show-on-hover\">\n\t\t\t\t\t\t\t<\/div>\n\t\t\t<div class=\"image-tools grid-tools text-center hide-for-small bottom hover-slide-in show-on-hover\">\n\t\t\t\t\t\t\t<\/div>\n\t\t\t\t\t<\/div>\n\n\t\t<div class=\"box-text box-text-products\">\n\t\t\t<div class=\"title-wrapper\"><p class=\"name product-title woocommerce-loop-product__title\"><a href=\"https:\/\/www.the-wire-man.com\/befestigungselemente\/produkte\/daemmstoffbefestiger\/euro-clip\/\" class=\"woocommerce-LoopProduct-link woocommerce-loop-product__link\">EURO-Clip<\/a><\/p><\/div><div class=\"price-wrapper\"><\/div>\t\t<\/div>\n\t<\/div>\n\t\t<\/div>\n<\/div><\/div><!-- row -->\n<\/div>\n","protected":false},"excerpt":{"rendered":"<h4>Spezialluftschichtanker f\u00fcr die D\u00fcnnbett- und Normalm\u00f6rtelfuge<\/h4>\n<p><strong><span style=\"color: #007ac2;\">Einbau mit der Naht nach oben bauaufsichtlich zugelassen.<\/span><br \/>\n<\/strong>Bauaufsichtliche Zulassung von 90 bis 175 mm Schalenabstand Z-17.1-1192<\/p>\n","protected":false},"featured_media":14771,"template":"","meta":[],"product_brand":[],"product_cat":[409],"product_tag":[],"class_list":{"0":"post-12122","1":"product","2":"type-product","3":"status-publish","4":"has-post-thumbnail","6":"product_cat-luftschichtanker","8":"first","9":"instock","10":"shipping-taxable","11":"product-type-variable"},"jetpack_publicize_connections":[],"_links":{"self":[{"href":"https:\/\/www.the-wire-man.com\/befestigungselemente\/wp-json\/wp\/v2\/product\/12122","targetHints":{"allow":["GET"]}}],"collection":[{"href":"https:\/\/www.the-wire-man.com\/befestigungselemente\/wp-json\/wp\/v2\/product"}],"about":[{"href":"https:\/\/www.the-wire-man.com\/befestigungselemente\/wp-json\/wp\/v2\/types\/product"}],"wp:featuredmedia":[{"embeddable":true,"href":"https:\/\/www.the-wire-man.com\/befestigungselemente\/wp-json\/wp\/v2\/media\/14771"}],"wp:attachment":[{"href":"https:\/\/www.the-wire-man.com\/befestigungselemente\/wp-json\/wp\/v2\/media?parent=12122"}],"wp:term":[{"taxonomy":"product_brand","embeddable":true,"href":"https:\/\/www.the-wire-man.com\/befestigungselemente\/wp-json\/wp\/v2\/product_brand?post=12122"},{"taxonomy":"product_cat","embeddable":true,"href":"https:\/\/www.the-wire-man.com\/befestigungselemente\/wp-json\/wp\/v2\/product_cat?post=12122"},{"taxonomy":"product_tag","embeddable":true,"href":"https:\/\/www.the-wire-man.com\/befestigungselemente\/wp-json\/wp\/v2\/product_tag?post=12122"}],"curies":[{"name":"wp","href":"https:\/\/api.w.org\/{rel}","templated":true}]}}