{"id":11989,"date":"2019-03-10T17:20:04","date_gmt":"2019-03-10T17:20:04","guid":{"rendered":"https:\/\/www.the-wire-man.com\/befestigungselemente\/?post_type=product&#038;p=11989"},"modified":"2023-11-13T12:36:02","modified_gmt":"2023-11-13T12:36:02","slug":"brikker-plus","status":"publish","type":"product","link":"https:\/\/www.the-wire-man.com\/befestigungselemente\/produkte\/luftschichtanker\/brikker-plus\/","title":{"rendered":"BRIKKER Plus  [\u00d8&nbsp;6,2&nbsp;mm]"},"content":{"rendered":"\n  <div class=\"banner has-hover\" id=\"banner-2083764758\">\n          <div class=\"banner-inner fill\">\n        <div class=\"banner-bg fill\" >\n                                                \n                    <\/div>\n\t\t\n        <div class=\"banner-layers container\">\n            <div class=\"fill banner-link\"><\/div>            \n   <div id=\"text-box-1508879141\" class=\"text-box banner-layer x4 md-x4 lg-x4 y0 md-y0 lg-y0 res-text\">\n                                <div class=\"text-box-content text dark\">\n              \n              <div class=\"text-inner text-left\">\n                  \n<h3><span style=\"font-size: 75%;\"><strong>Spezialluftschichtanker f\u00fcr die D\u00fcnnbett- und Normalm\u00f6rtelfuge<\/strong><\/span><\/h3>\n              <\/div>\n           <\/div>\n                            \n<style>\n#text-box-1508879141 {\n  width: 75%;\n}\n#text-box-1508879141 .text-box-content {\n  font-size: 100%;\n}\n<\/style>\n    <\/div>\n \n        <\/div>\n      <\/div>\n\n            \n<style>\n#banner-2083764758 {\n  padding-top: 50px;\n}\n<\/style>\n  <\/div>\n\n\n\t<div id=\"gap-1311722389\" class=\"gap-element clearfix\" style=\"display:block; height:auto;\">\n\t\t\n<style>\n#gap-1311722389 {\n  padding-top: 30px;\n}\n<\/style>\n\t<\/div>\n\t\n<div class=\"container section-title-container\" ><h3 class=\"section-title section-title-normal\"><b><\/b><span class=\"section-title-main\" >Beschreibung<\/span><b><\/b><\/h3><\/div>\n\n\t<section class=\"section\" id=\"section_192268280\">\n\t\t<div class=\"section-bg fill\" >\n\t\t\t\t\t\t\t\t\t\n\t\t\t\n\t<div class=\"is-border\"\n\t\tstyle=\"border-width:0 0px 0px 0px;margin:0 0px 0px 0px;\">\n\t<\/div>\n\n\t\t<\/div>\n\n\t\t\n\n\t\t<div class=\"section-content relative\">\n\t\t\t\n<p><strong>F\u00fcr eine schnelle und sichere Verarbeitung.<\/strong> Aus Edelstahl W. Nr.: 1.4401, 1.4362, 1.4571 oder 1.4404 nach DIN EN 10088-2.<\/p>\n<p>Bauaufsichtlich zugelassen vom DIBT Berlin <strong>Z-17.1-1198<\/strong><\/p>\n<h3><span style=\"color: #007ac2;\">Neuheit: Einbau mit der Naht nach oben, nat\u00fcrlich bauaufsichtlich zugelassen!<\/span><\/h3>\n<p><strong>Einbauuntergrund:<\/strong><br \/>\nF\u00fcr alle gebr\u00e4uchlichen Stein-M\u00f6rtelkombinationen. Einsetzbar in D\u00fcnnbett- und Normalm\u00f6rtelfuge.<\/p>\n<p>Durch die neuartige Produktionsweise lassen sich Ankerl\u00e4ngen von bis zu 500 mm fertigen und so auch spezielle Problemstellungen l\u00f6sen! Somit passt sich der Brikker schon jetzt den gr\u00f6\u00dferen Schalenabst\u00e4nden und zuk\u00fcnftigen Anforderungen des Marktes an.<\/p>\n<p>Ersetzt die herk\u00f6mmlichen Luftschichtanker-Formen wie: L-Form, Universalanker, Well-L und andere Flachstahlanker. Einsetzbar bei Geb\u00e4udeh\u00f6hen bis zu 25 m \u00fcber Gel\u00e4nde und einem Schalenabstand bis zu 250 mm. Durch das angepasste Ende ist ein vereinfachtes Aufbringen der Isolierung m\u00f6glich. Die Durchstanzungen im flachen Bereich des Ankers erm\u00f6glichen einen sicheren und festen Halt im M\u00f6rtelbett. Die bauaufsichtliche Zulassung befindet sich im Genehmigungsverfahren.<\/p>\n<div id=\"main-block\" class=\"main-block-v2\">\n<table style=\"border: 2px solid #c7d9f1;\" rules=\"none\">\n<tbody>\n<tr style=\"border-bottom: 2px solid #c7d9f1;\">\n<td style=\"text-align: center;\" width=\"20%\"><strong>Artikel-Nr.<\/strong><\/td>\n<td style=\"text-align: center;\" width=\"30%\"><strong>Bezeichnung<\/strong><\/td>\n<td style=\"text-align: center;\" width=\"20%\"><strong>Abmessung<\/strong><\/td>\n<td style=\"text-align: center;\" width=\"20%\"><strong>Schalenabstand bis<\/strong><\/td>\n<td style=\"text-align: center;\" width=\"30%\"><strong>VPE<\/strong><\/td>\n<\/tr>\n<tr bgcolor=\"#e1eaf3\">\n<td style=\"text-align: center;\"><\/td>\n<td style=\"text-align: center;\"><\/td>\n<td style=\"text-align: center;\"><\/td>\n<td style=\"text-align: center;\"><\/td>\n<td style=\"text-align: center;\"><\/td>\n<\/tr>\n<tr bgcolor=\"#ffffff\">\n<td style=\"text-align: center;\">201320<\/td>\n<td style=\"text-align: center;\">Brikker Plus 320<\/td>\n<td style=\"text-align: center;\">6,2 x 320<\/td>\n<td style=\"text-align: center;\">180 mm\u00a0*<span style=\"font-size: 100%;\">\u00b2<\/span><\/td>\n<td style=\"text-align: center;\">250<\/td>\n<\/tr>\n<tr bgcolor=\"#e1eaf3\">\n<td style=\"text-align: center;\">201340<\/td>\n<td style=\"text-align: center;\">Brikker Plus 340<\/td>\n<td style=\"text-align: center;\">6,2 x 340<\/td>\n<td style=\"text-align: center;\">200 mm\u00a0*<span style=\"font-size: 100%;\">\u00b2<\/span><\/td>\n<td style=\"text-align: center;\">250<\/td>\n<\/tr>\n<tr bgcolor=\"#ffffff\">\n<td style=\"text-align: center;\">201360<\/td>\n<td style=\"text-align: center;\">Brikker Plus 360<\/td>\n<td style=\"text-align: center;\">6,2 x 360<\/td>\n<td style=\"text-align: center;\">220 mm\u00a0*<span style=\"font-size: 100%;\">\u00b2<\/span><\/td>\n<td style=\"text-align: center;\">250<\/td>\n<\/tr>\n<tr bgcolor=\"#e1eaf3\">\n<td style=\"text-align: center;\">201380<\/td>\n<td style=\"text-align: center;\">Brikker Plus 380<\/td>\n<td style=\"text-align: center;\">6,2 x 380<\/td>\n<td style=\"text-align: center;\">240 mm *<span style=\"font-size: 100%;\">\u00b2<\/span><\/td>\n<td style=\"text-align: center;\">250<\/td>\n<\/tr>\n<tr bgcolor=\"#ffffff\">\n<td style=\"text-align: center;\">201400<\/td>\n<td style=\"text-align: center;\">Brikker Plus 400<\/td>\n<td style=\"text-align: center;\">6,2 x 400<\/td>\n<td style=\"text-align: center;\">250 mm\u00a0*<span style=\"font-size: 100%;\">\u00b2<\/span><\/td>\n<td style=\"text-align: center;\">250<\/td>\n<\/tr>\n<\/tbody>\n<\/table>\n<p><span style=\"font-size: 75%;\">* Bei einem Schalenabstand gr\u00f6\u00dfer als 250 mm oder kleiner als 90 mm ist der Einbau in Deutschland nur mit der bauaufsichtlichen Zulassung im Einzelfall m\u00f6glich.<br \/>\n*\u00b2 Die zul\u00e4ssigen Schalenabst\u00e4nde k\u00f6nnen sich bei D\u00fcnnbett- und Normalm\u00f6rtelfuge in der Vormauerschale unterscheiden. Bitte beachten Sie die Zulassung!<\/span><\/p>\n<\/div>\n\t<div id=\"gap-229762796\" class=\"gap-element clearfix\" style=\"display:block; height:auto;\">\n\t\t\n<style>\n#gap-229762796 {\n  padding-top: 50px;\n}\n<\/style>\n\t<\/div>\n\t\n\t\t<\/div>\n\n\t\t\n<style>\n#section_192268280 {\n  padding-top: 0px;\n  padding-bottom: 0px;\n  margin-bottom: 0px;\n}\n<\/style>\n\t<\/section>\n\t\n\n\t<section class=\"section\" id=\"section_1758427509\">\n\t\t<div class=\"section-bg fill\" >\n\t\t\t\t\t\t\t\t\t\n\t\t\t\n\n\t\t<\/div>\n\n\t\t\n\n\t\t<div class=\"section-content relative\">\n\t\t\t\n<div class=\"container section-title-container\" ><h3 class=\"section-title section-title-normal\"><b><\/b><span class=\"section-title-main\" >Downloads<\/span><b><\/b><\/h3><\/div>\n<div class=\"row row-large row-box-shadow-1 row-box-shadow-3-hover\"  id=\"row-245510155\">\n\n\t<div id=\"col-134420897\" class=\"col medium-3 small-12 large-3\"  >\n\t\t\t\t<div class=\"col-inner text-center\"  >\n\t\t\t\n\t\t\t\n\n  <div class=\"banner has-hover\" id=\"banner-1067203120\">\n          <div class=\"banner-inner fill\">\n        <div class=\"banner-bg fill\" >\n            <img loading=\"lazy\" decoding=\"async\" width=\"724\" height=\"1024\" src=\"https:\/\/www.the-wire-man.com\/befestigungselemente\/wp-content\/uploads\/sites\/2\/Seitenbilder\/Download\/Z-17.1-1198-pdf-724x1024.jpg\" class=\"bg\" alt=\"thumbnail of Z-17.1-1198\" srcset=\"https:\/\/www.the-wire-man.com\/befestigungselemente\/wp-content\/uploads\/sites\/2\/Seitenbilder\/Download\/Z-17.1-1198-pdf.jpg 724w, https:\/\/www.the-wire-man.com\/befestigungselemente\/wp-content\/uploads\/sites\/2\/Seitenbilder\/Download\/Z-17.1-1198-pdf-106x150.jpg 106w, https:\/\/www.the-wire-man.com\/befestigungselemente\/wp-content\/uploads\/sites\/2\/Seitenbilder\/Download\/Z-17.1-1198-pdf-212x300.jpg 212w\" sizes=\"auto, (max-width: 724px) 100vw, 724px\" \/>                        <div class=\"overlay\"><\/div>            \n                    <\/div>\n\t\t\n        <div class=\"banner-layers container\">\n            <div class=\"fill banner-link\"><\/div>            \n   <div id=\"text-box-1909501298\" class=\"text-box banner-layer x50 md-x50 lg-x50 y100 md-y100 lg-y100 res-text\">\n                                <div class=\"text-box-content text \">\n              \n              <div class=\"text-inner text-center\">\n                  \n<h5><span style=\"font-size: 140%;\">Zulassung Z-17.1-1198<\/span><\/h5>\n<p><span style=\"font-size: 140%;\">BRIKKER<\/span><\/p>\n<a href=\"https:\/\/www.the-wire-man.com\/befestigungselemente\/wp-content\/uploads\/sites\/2\/Seitenbilder\/Download\/Z-17.1-1198-1.pdf\" target=\"_blank\" class=\"button primary is-outline is-xlarge\" rel=\"noopener\"  style=\"border-radius:99px;\">\n\t\t<span>Download<\/span>\n\t<\/a>\n\n              <\/div>\n           <\/div>\n                            \n<style>\n#text-box-1909501298 .text-box-content {\n  background-color: rgb(255, 255, 255);\n  font-size: 100%;\n}\n#text-box-1909501298 .text-inner {\n  padding: 10px 0px 10px 0px;\n}\n#text-box-1909501298 {\n  width: 100%;\n}\n<\/style>\n    <\/div>\n \n        <\/div>\n      <\/div>\n\n              <div class=\"height-fix is-invisible\"><img loading=\"lazy\" decoding=\"async\" width=\"724\" height=\"1024\" src=\"https:\/\/www.the-wire-man.com\/befestigungselemente\/wp-content\/uploads\/sites\/2\/Seitenbilder\/Download\/Z-17.1-1198-pdf-724x1024.jpg\" class=\"attachment-large size-large\" alt=\"thumbnail of Z-17.1-1198\" srcset=\"https:\/\/www.the-wire-man.com\/befestigungselemente\/wp-content\/uploads\/sites\/2\/Seitenbilder\/Download\/Z-17.1-1198-pdf.jpg 724w, https:\/\/www.the-wire-man.com\/befestigungselemente\/wp-content\/uploads\/sites\/2\/Seitenbilder\/Download\/Z-17.1-1198-pdf-106x150.jpg 106w, https:\/\/www.the-wire-man.com\/befestigungselemente\/wp-content\/uploads\/sites\/2\/Seitenbilder\/Download\/Z-17.1-1198-pdf-212x300.jpg 212w\" sizes=\"auto, (max-width: 724px) 100vw, 724px\" \/><\/div>\n            \n<style>\n#banner-1067203120 .overlay {\n  background-color: rgba(0, 0, 0, 0.05);\n}\n#banner-1067203120 {\n  background-color: rgb(255,255,255);\n}\n<\/style>\n  <\/div>\n\n\n\t\t<\/div>\n\t\t\t\t\t<\/div>\n\n\t\n\n\t<div id=\"col-1130994944\" class=\"col medium-3 small-12 large-3\"  >\n\t\t\t\t<div class=\"col-inner text-center\"  >\n\t\t\t\n\t\t\t\n\n  <div class=\"banner has-hover\" id=\"banner-519019342\">\n          <div class=\"banner-inner fill\">\n        <div class=\"banner-bg fill\" >\n            <img loading=\"lazy\" decoding=\"async\" width=\"724\" height=\"1024\" src=\"https:\/\/www.the-wire-man.com\/befestigungselemente\/wp-content\/uploads\/sites\/2\/Seitenbilder\/Download\/HR_BAU_Leistungserklaerung_BRIKKER-724x1024.jpg\" class=\"bg\" alt=\"\" srcset=\"https:\/\/www.the-wire-man.com\/befestigungselemente\/wp-content\/uploads\/sites\/2\/Seitenbilder\/Download\/HR_BAU_Leistungserklaerung_BRIKKER-724x1024.jpg 724w, https:\/\/www.the-wire-man.com\/befestigungselemente\/wp-content\/uploads\/sites\/2\/Seitenbilder\/Download\/HR_BAU_Leistungserklaerung_BRIKKER-212x300.jpg 212w, https:\/\/www.the-wire-man.com\/befestigungselemente\/wp-content\/uploads\/sites\/2\/Seitenbilder\/Download\/HR_BAU_Leistungserklaerung_BRIKKER-106x150.jpg 106w, https:\/\/www.the-wire-man.com\/befestigungselemente\/wp-content\/uploads\/sites\/2\/Seitenbilder\/Download\/HR_BAU_Leistungserklaerung_BRIKKER-480x679.jpg 480w, https:\/\/www.the-wire-man.com\/befestigungselemente\/wp-content\/uploads\/sites\/2\/Seitenbilder\/Download\/HR_BAU_Leistungserklaerung_BRIKKER.jpg 753w\" sizes=\"auto, (max-width: 724px) 100vw, 724px\" \/>                        <div class=\"overlay\"><\/div>            \n                    <\/div>\n\t\t\n        <div class=\"banner-layers container\">\n            <div class=\"fill banner-link\"><\/div>            \n   <div id=\"text-box-2051653310\" class=\"text-box banner-layer x50 md-x50 lg-x50 y100 md-y100 lg-y100 res-text\">\n                                <div class=\"text-box-content text \">\n              \n              <div class=\"text-inner text-center\">\n                  \n<h5><span style=\"font-size: 140%;\">Leistungserkl\u00e4rung<\/span><\/h5>\n<p><span style=\"font-size: 140%;\">BRIKKER \/ BRIKKER Plus<\/span><\/p>\n<a href=\"https:\/\/www.the-wire-man.com\/befestigungselemente\/wp-content\/uploads\/sites\/2\/Seitenbilder\/Download\/HR_BAU_Leistungserklaerung_BRIKKER.pdf\" target=\"_blank\" class=\"button primary is-outline is-xlarge\" rel=\"noopener\"  style=\"border-radius:99px;\">\n\t\t<span>Download<\/span>\n\t<\/a>\n\n              <\/div>\n           <\/div>\n                            \n<style>\n#text-box-2051653310 .text-box-content {\n  background-color: rgb(255, 255, 255);\n  font-size: 100%;\n}\n#text-box-2051653310 .text-inner {\n  padding: 10px 0px 10px 0px;\n}\n#text-box-2051653310 {\n  width: 100%;\n}\n<\/style>\n    <\/div>\n \n        <\/div>\n      <\/div>\n\n              <div class=\"height-fix is-invisible\"><img loading=\"lazy\" decoding=\"async\" width=\"724\" height=\"1024\" src=\"https:\/\/www.the-wire-man.com\/befestigungselemente\/wp-content\/uploads\/sites\/2\/Seitenbilder\/Download\/HR_BAU_Leistungserklaerung_BRIKKER-724x1024.jpg\" class=\"attachment-large size-large\" alt=\"\" srcset=\"https:\/\/www.the-wire-man.com\/befestigungselemente\/wp-content\/uploads\/sites\/2\/Seitenbilder\/Download\/HR_BAU_Leistungserklaerung_BRIKKER-724x1024.jpg 724w, https:\/\/www.the-wire-man.com\/befestigungselemente\/wp-content\/uploads\/sites\/2\/Seitenbilder\/Download\/HR_BAU_Leistungserklaerung_BRIKKER-212x300.jpg 212w, https:\/\/www.the-wire-man.com\/befestigungselemente\/wp-content\/uploads\/sites\/2\/Seitenbilder\/Download\/HR_BAU_Leistungserklaerung_BRIKKER-106x150.jpg 106w, https:\/\/www.the-wire-man.com\/befestigungselemente\/wp-content\/uploads\/sites\/2\/Seitenbilder\/Download\/HR_BAU_Leistungserklaerung_BRIKKER-480x679.jpg 480w, https:\/\/www.the-wire-man.com\/befestigungselemente\/wp-content\/uploads\/sites\/2\/Seitenbilder\/Download\/HR_BAU_Leistungserklaerung_BRIKKER.jpg 753w\" sizes=\"auto, (max-width: 724px) 100vw, 724px\" \/><\/div>\n            \n<style>\n#banner-519019342 .overlay {\n  background-color: rgba(0, 0, 0, 0.05);\n}\n#banner-519019342 {\n  background-color: rgb(255,255,255);\n}\n<\/style>\n  <\/div>\n\n\n\t\t<\/div>\n\t\t\t\t\t<\/div>\n\n\t\n\n<style>\n#row-245510155 > .col > .col-inner {\n  padding: 0px 0px 0px 0px;\n}\n<\/style>\n<\/div>\n\t\t<\/div>\n\n\t\t\n<style>\n#section_1758427509 {\n  padding-top: 30px;\n  padding-bottom: 30px;\n}\n<\/style>\n\t<\/section>\n\t\n<div class=\"container section-title-container\" ><h3 class=\"section-title section-title-normal\"><b><\/b><span class=\"section-title-main\" >Zubeh\u00f6r<\/span><b><\/b><\/h3><\/div>\n<div class=\"woocommerce columns-4 \"><div class=\"products row row-small large-columns-4 medium-columns-3 small-columns-1 has-shadow row-box-shadow-2 row-box-shadow-3-hover\">\n<div class=\"product-small col has-hover product type-product post-11820 status-publish first instock product_cat-daemmstoffbefestiger has-post-thumbnail shipping-taxable product-type-simple\">\n\t<div class=\"col-inner\">\n\t\n<div class=\"badge-container absolute left top z-1\">\n\n<\/div>\n\t<div class=\"product-small box \">\n\t\t<div class=\"box-image\">\n\t\t\t<div class=\"image-zoom\">\n\t\t\t\t<a href=\"https:\/\/www.the-wire-man.com\/befestigungselemente\/produkte\/daemmstoffbefestiger\/euro-clip-gruen\/\" aria-label=\"EURO-Clip gr\u00fcn\">\n\t\t\t\t\t<img loading=\"lazy\" decoding=\"async\" width=\"360\" height=\"360\" src=\"https:\/\/www.the-wire-man.com\/befestigungselemente\/wp-content\/uploads\/sites\/2\/Seitenbilder\/Produkte\/EuroClip-gruen-360x360.jpg\" class=\"attachment-woocommerce_thumbnail size-woocommerce_thumbnail\" alt=\"\" srcset=\"https:\/\/www.the-wire-man.com\/befestigungselemente\/wp-content\/uploads\/sites\/2\/Seitenbilder\/Produkte\/EuroClip-gruen-360x360.jpg 360w, https:\/\/www.the-wire-man.com\/befestigungselemente\/wp-content\/uploads\/sites\/2\/Seitenbilder\/Produkte\/EuroClip-gruen-100x100.jpg 100w\" sizes=\"auto, (max-width: 360px) 100vw, 360px\" \/>\t\t\t\t<\/a>\n\t\t\t<\/div>\n\t\t\t<div class=\"image-tools is-small top right show-on-hover\">\n\t\t\t\t\t\t\t<\/div>\n\t\t\t<div class=\"image-tools is-small hide-for-small bottom left show-on-hover\">\n\t\t\t\t\t\t\t<\/div>\n\t\t\t<div class=\"image-tools grid-tools text-center hide-for-small bottom hover-slide-in show-on-hover\">\n\t\t\t\t\t\t\t<\/div>\n\t\t\t\t\t<\/div>\n\n\t\t<div class=\"box-text box-text-products\">\n\t\t\t<div class=\"title-wrapper\"><p class=\"name product-title woocommerce-loop-product__title\"><a href=\"https:\/\/www.the-wire-man.com\/befestigungselemente\/produkte\/daemmstoffbefestiger\/euro-clip-gruen\/\" class=\"woocommerce-LoopProduct-link woocommerce-loop-product__link\">EURO-Clip gr\u00fcn<\/a><\/p><\/div><div class=\"price-wrapper\"><\/div>\t\t<\/div>\n\t<\/div>\n\t\t<\/div>\n<\/div><\/div><!-- row -->\n<\/div>\n","protected":false},"excerpt":{"rendered":"<h4>Spezialluftschichtanker f\u00fcr die D\u00fcnnbett- und Normalm\u00f6rtelfuge<\/h4>\n<p><strong><span style=\"color: #007ac2;\">Einbau mit der Naht nach oben bauaufsichtlich zugelassen.<\/span><br \/>\n<\/strong>Bauaufsichtliche Zulassung bis 250 mm Schalenabstand Z-17.1-1198<\/p>\n","protected":false},"featured_media":14809,"template":"","meta":[],"product_brand":[],"product_cat":[409],"product_tag":[],"class_list":{"0":"post-11989","1":"product","2":"type-product","3":"status-publish","4":"has-post-thumbnail","6":"product_cat-luftschichtanker","8":"first","9":"instock","10":"shipping-taxable","11":"product-type-variable"},"jetpack_publicize_connections":[],"_links":{"self":[{"href":"https:\/\/www.the-wire-man.com\/befestigungselemente\/wp-json\/wp\/v2\/product\/11989","targetHints":{"allow":["GET"]}}],"collection":[{"href":"https:\/\/www.the-wire-man.com\/befestigungselemente\/wp-json\/wp\/v2\/product"}],"about":[{"href":"https:\/\/www.the-wire-man.com\/befestigungselemente\/wp-json\/wp\/v2\/types\/product"}],"wp:featuredmedia":[{"embeddable":true,"href":"https:\/\/www.the-wire-man.com\/befestigungselemente\/wp-json\/wp\/v2\/media\/14809"}],"wp:attachment":[{"href":"https:\/\/www.the-wire-man.com\/befestigungselemente\/wp-json\/wp\/v2\/media?parent=11989"}],"wp:term":[{"taxonomy":"product_brand","embeddable":true,"href":"https:\/\/www.the-wire-man.com\/befestigungselemente\/wp-json\/wp\/v2\/product_brand?post=11989"},{"taxonomy":"product_cat","embeddable":true,"href":"https:\/\/www.the-wire-man.com\/befestigungselemente\/wp-json\/wp\/v2\/product_cat?post=11989"},{"taxonomy":"product_tag","embeddable":true,"href":"https:\/\/www.the-wire-man.com\/befestigungselemente\/wp-json\/wp\/v2\/product_tag?post=11989"}],"curies":[{"name":"wp","href":"https:\/\/api.w.org\/{rel}","templated":true}]}}